{"id":40,"date":"2022-05-11T12:45:20","date_gmt":"2022-05-11T12:45:20","guid":{"rendered":"https:\/\/elio-giacomin.de\/?page_id=40"},"modified":"2024-08-19T15:08:56","modified_gmt":"2024-08-19T15:08:56","slug":"impressum","status":"publish","type":"page","link":"https:\/\/www.elio-giacomin.de\/?page_id=40","title":{"rendered":"Impressum"},"content":{"rendered":"<h2>Angaben gem\u00e4\u00df \u00a7 5 TMG<\/h2>\n<p>Elio Giacomin<br \/>Vossbarg 3<br \/>23826 Todesfelde<\/p>\n<h2>Kontakt<\/h2>\n<p>Telefon: +49 172 406 2890<br \/>E-Mail: elio@elio-giacomin.de<\/p>\n<h2>Redaktionell verantwortlich<\/h2>\n<p>Elio Giacomin<br \/>Vossbarg 3<br \/>23826 Todesfelde<br \/>Telefon: +49 172 406 2890<\/p>\n\n\n<p>Haftungsausschlu\u00df:<\/p>\n\n\n\n<p>1. Inhalt des Onlineangebotes<\/p>\n\n\n\n<p>Trotz sorgf\u00e4ltiger inhaltlicher Kontrolle \u00fcbernehme ich keine Haftung f\u00fcr Aktualit\u00e4t, Korrektheit oder Vollst\u00e4ndigkeit der bereitgestellten Informationen. Alle Angebote sind freibleibend und unverbindlich. Ich behalte mir vor, Teile der Seiten oder das gesamte Angebot ohne gesonderte Ank\u00fcndigung zu ver\u00e4ndern oder zu erg\u00e4nzen.<\/p>\n\n\n\n<p>2. Verweise und Links<\/p>\n\n\n\n<p>F\u00fcr den Inhalt der auf meinen Seiten verlinkten externen Seiten sind ausschlie\u00dflich deren Betreiber verantwortlich.<\/p>\n\n\n\n<p>3. Urheber- und Kennzeichenrecht <br><br>Das Copyright f\u00fcr ver\u00f6ffentlichte, von mir selbst erstellte Grafiken, Tondokumente, Videosequenzen, Bilder und Texte bleibt allein bei mir, bzw. den jeweiligen Autoren der Seiten. Eine Vervielf\u00e4ltigung oder Verwendung solcher Objekte in anderen elektronischen oder gedruckten Publikationen ist ohne ausdr\u00fcckliche Zustimmung der Autoren nicht gestattet.<\/p>\n\n\n<p>Quelle: <a href=\"https:\/\/www.e-recht24.de\">e-recht24.de<\/a><\/p>\n\n\n<p><\/p>\n","protected":false},"excerpt":{"rendered":"<p>Angaben gem\u00e4\u00df \u00a7 5 TMG Elio GiacominVossbarg 323826 Todesfelde Kontakt Telefon: +49 172 406 2890E-Mail: elio@elio-giacomin.de Redaktionell verantwortlich Elio GiacominVossbarg 323826 TodesfeldeTelefon: +49 172 406 2890 Haftungsausschlu\u00df: 1. Inhalt des Onlineangebotes Trotz sorgf\u00e4ltiger inhaltlicher Kontrolle \u00fcbernehme ich keine Haftung f\u00fcr Aktualit\u00e4t, Korrektheit oder Vollst\u00e4ndigkeit der bereitgestellten Informationen. Alle Angebote sind freibleibend und unverbindlich. Ich behalte&hellip; <a class=\"more-link\" href=\"https:\/\/www.elio-giacomin.de\/?page_id=40\"><span class=\"screen-reader-text\">Impressum<\/span> weiterlesen<\/a><\/p>\n","protected":false},"author":1,"featured_media":0,"parent":0,"menu_order":3,"comment_status":"closed","ping_status":"closed","template":"","meta":{"footnotes":""},"class_list":["post-40","page","type-page","status-publish","hentry","entry"],"yoast_head":"<!-- This site is optimized with the Yoast SEO plugin v19.4 - https:\/\/yoast.com\/wordpress\/plugins\/seo\/ -->\n<title>Impressum - Elio Giacomin<\/title>\n<meta name=\"robots\" content=\"index, follow, max-snippet:-1, max-image-preview:large, max-video-preview:-1\" \/>\n<link rel=\"canonical\" href=\"https:\/\/www.elio-giacomin.de\/?page_id=40\" \/>\n<meta property=\"og:locale\" content=\"de_DE\" \/>\n<meta property=\"og:type\" content=\"article\" \/>\n<meta property=\"og:title\" content=\"Impressum - Elio Giacomin\" \/>\n<meta property=\"og:description\" content=\"Angaben gem\u00e4\u00df \u00a7 5 TMG Elio GiacominVossbarg 323826 Todesfelde Kontakt Telefon: +49 172 406 2890E-Mail: elio@elio-giacomin.de Redaktionell verantwortlich Elio GiacominVossbarg 323826 TodesfeldeTelefon: +49 172 406 2890 Haftungsausschlu\u00df: 1. Inhalt des Onlineangebotes Trotz sorgf\u00e4ltiger inhaltlicher Kontrolle \u00fcbernehme ich keine Haftung f\u00fcr Aktualit\u00e4t, Korrektheit oder Vollst\u00e4ndigkeit der bereitgestellten Informationen. Alle Angebote sind freibleibend und unverbindlich. Ich behalte&hellip; Impressum weiterlesen\" \/>\n<meta property=\"og:url\" content=\"https:\/\/www.elio-giacomin.de\/?page_id=40\" \/>\n<meta property=\"og:site_name\" content=\"Elio Giacomin\" \/>\n<meta property=\"article:modified_time\" content=\"2024-08-19T15:08:56+00:00\" \/>\n<meta name=\"twitter:card\" content=\"summary_large_image\" \/>\n<meta name=\"twitter:label1\" content=\"Gesch\u00e4tzte Lesezeit\" \/>\n\t<meta name=\"twitter:data1\" content=\"1\u00a0Minute\" \/>\n<script type=\"application\/ld+json\" class=\"yoast-schema-graph\">{\"@context\":\"https:\/\/schema.org\",\"@graph\":[{\"@type\":\"Organization\",\"@id\":\"https:\/\/www.elio-giacomin.de\/#organization\",\"name\":\"Elio Giacomin \u00dcbersetzungen\",\"url\":\"https:\/\/www.elio-giacomin.de\/\",\"sameAs\":[],\"logo\":{\"@type\":\"ImageObject\",\"inLanguage\":\"de\",\"@id\":\"https:\/\/www.elio-giacomin.de\/#\/schema\/logo\/image\/\",\"url\":\"https:\/\/www.elio-giacomin.de\/wp-content\/uploads\/2022\/05\/Foto_Elio-1.jpg\",\"contentUrl\":\"https:\/\/www.elio-giacomin.de\/wp-content\/uploads\/2022\/05\/Foto_Elio-1.jpg\",\"width\":235,\"height\":314,\"caption\":\"Elio Giacomin \u00dcbersetzungen\"},\"image\":{\"@id\":\"https:\/\/www.elio-giacomin.de\/#\/schema\/logo\/image\/\"}},{\"@type\":\"WebSite\",\"@id\":\"https:\/\/www.elio-giacomin.de\/#website\",\"url\":\"https:\/\/www.elio-giacomin.de\/\",\"name\":\"Elio Giacomin\",\"description\":\"Professionelle italienische \u00dcbersetzungen\",\"publisher\":{\"@id\":\"https:\/\/www.elio-giacomin.de\/#organization\"},\"potentialAction\":[{\"@type\":\"SearchAction\",\"target\":{\"@type\":\"EntryPoint\",\"urlTemplate\":\"https:\/\/www.elio-giacomin.de\/?s={search_term_string}\"},\"query-input\":\"required name=search_term_string\"}],\"inLanguage\":\"de\"},{\"@type\":\"WebPage\",\"@id\":\"https:\/\/www.elio-giacomin.de\/?page_id=40\",\"url\":\"https:\/\/www.elio-giacomin.de\/?page_id=40\",\"name\":\"Impressum - Elio Giacomin\",\"isPartOf\":{\"@id\":\"https:\/\/www.elio-giacomin.de\/#website\"},\"datePublished\":\"2022-05-11T12:45:20+00:00\",\"dateModified\":\"2024-08-19T15:08:56+00:00\",\"breadcrumb\":{\"@id\":\"https:\/\/www.elio-giacomin.de\/?page_id=40#breadcrumb\"},\"inLanguage\":\"de\",\"potentialAction\":[{\"@type\":\"ReadAction\",\"target\":[\"https:\/\/www.elio-giacomin.de\/?page_id=40\"]}]},{\"@type\":\"BreadcrumbList\",\"@id\":\"https:\/\/www.elio-giacomin.de\/?page_id=40#breadcrumb\",\"itemListElement\":[{\"@type\":\"ListItem\",\"position\":1,\"name\":\"Startseite\",\"item\":\"https:\/\/www.elio-giacomin.de\/\"},{\"@type\":\"ListItem\",\"position\":2,\"name\":\"Impressum\"}]}]}<\/script>\n<!-- \/ Yoast SEO plugin. -->","yoast_head_json":{"title":"Impressum - Elio Giacomin","robots":{"index":"index","follow":"follow","max-snippet":"max-snippet:-1","max-image-preview":"max-image-preview:large","max-video-preview":"max-video-preview:-1"},"canonical":"https:\/\/www.elio-giacomin.de\/?page_id=40","og_locale":"de_DE","og_type":"article","og_title":"Impressum - Elio Giacomin","og_description":"Angaben gem\u00e4\u00df \u00a7 5 TMG Elio GiacominVossbarg 323826 Todesfelde Kontakt Telefon: +49 172 406 2890E-Mail: elio@elio-giacomin.de Redaktionell verantwortlich Elio GiacominVossbarg 323826 TodesfeldeTelefon: +49 172 406 2890 Haftungsausschlu\u00df: 1. Inhalt des Onlineangebotes Trotz sorgf\u00e4ltiger inhaltlicher Kontrolle \u00fcbernehme ich keine Haftung f\u00fcr Aktualit\u00e4t, Korrektheit oder Vollst\u00e4ndigkeit der bereitgestellten Informationen. Alle Angebote sind freibleibend und unverbindlich. Ich behalte&hellip; Impressum weiterlesen","og_url":"https:\/\/www.elio-giacomin.de\/?page_id=40","og_site_name":"Elio Giacomin","article_modified_time":"2024-08-19T15:08:56+00:00","twitter_card":"summary_large_image","twitter_misc":{"Gesch\u00e4tzte Lesezeit":"1\u00a0Minute"},"schema":{"@context":"https:\/\/schema.org","@graph":[{"@type":"Organization","@id":"https:\/\/www.elio-giacomin.de\/#organization","name":"Elio Giacomin \u00dcbersetzungen","url":"https:\/\/www.elio-giacomin.de\/","sameAs":[],"logo":{"@type":"ImageObject","inLanguage":"de","@id":"https:\/\/www.elio-giacomin.de\/#\/schema\/logo\/image\/","url":"https:\/\/www.elio-giacomin.de\/wp-content\/uploads\/2022\/05\/Foto_Elio-1.jpg","contentUrl":"https:\/\/www.elio-giacomin.de\/wp-content\/uploads\/2022\/05\/Foto_Elio-1.jpg","width":235,"height":314,"caption":"Elio Giacomin \u00dcbersetzungen"},"image":{"@id":"https:\/\/www.elio-giacomin.de\/#\/schema\/logo\/image\/"}},{"@type":"WebSite","@id":"https:\/\/www.elio-giacomin.de\/#website","url":"https:\/\/www.elio-giacomin.de\/","name":"Elio Giacomin","description":"Professionelle italienische \u00dcbersetzungen","publisher":{"@id":"https:\/\/www.elio-giacomin.de\/#organization"},"potentialAction":[{"@type":"SearchAction","target":{"@type":"EntryPoint","urlTemplate":"https:\/\/www.elio-giacomin.de\/?s={search_term_string}"},"query-input":"required name=search_term_string"}],"inLanguage":"de"},{"@type":"WebPage","@id":"https:\/\/www.elio-giacomin.de\/?page_id=40","url":"https:\/\/www.elio-giacomin.de\/?page_id=40","name":"Impressum - Elio Giacomin","isPartOf":{"@id":"https:\/\/www.elio-giacomin.de\/#website"},"datePublished":"2022-05-11T12:45:20+00:00","dateModified":"2024-08-19T15:08:56+00:00","breadcrumb":{"@id":"https:\/\/www.elio-giacomin.de\/?page_id=40#breadcrumb"},"inLanguage":"de","potentialAction":[{"@type":"ReadAction","target":["https:\/\/www.elio-giacomin.de\/?page_id=40"]}]},{"@type":"BreadcrumbList","@id":"https:\/\/www.elio-giacomin.de\/?page_id=40#breadcrumb","itemListElement":[{"@type":"ListItem","position":1,"name":"Startseite","item":"https:\/\/www.elio-giacomin.de\/"},{"@type":"ListItem","position":2,"name":"Impressum"}]}]}},"_links":{"self":[{"href":"https:\/\/www.elio-giacomin.de\/index.php?rest_route=\/wp\/v2\/pages\/40","targetHints":{"allow":["GET"]}}],"collection":[{"href":"https:\/\/www.elio-giacomin.de\/index.php?rest_route=\/wp\/v2\/pages"}],"about":[{"href":"https:\/\/www.elio-giacomin.de\/index.php?rest_route=\/wp\/v2\/types\/page"}],"author":[{"embeddable":true,"href":"https:\/\/www.elio-giacomin.de\/index.php?rest_route=\/wp\/v2\/users\/1"}],"replies":[{"embeddable":true,"href":"https:\/\/www.elio-giacomin.de\/index.php?rest_route=%2Fwp%2Fv2%2Fcomments&post=40"}],"version-history":[{"count":7,"href":"https:\/\/www.elio-giacomin.de\/index.php?rest_route=\/wp\/v2\/pages\/40\/revisions"}],"predecessor-version":[{"id":161,"href":"https:\/\/www.elio-giacomin.de\/index.php?rest_route=\/wp\/v2\/pages\/40\/revisions\/161"}],"wp:attachment":[{"href":"https:\/\/www.elio-giacomin.de\/index.php?rest_route=%2Fwp%2Fv2%2Fmedia&parent=40"}],"curies":[{"name":"wp","href":"https:\/\/api.w.org\/{rel}","templated":true}]}}