{"id":14,"date":"2022-05-08T18:24:43","date_gmt":"2022-05-08T18:24:43","guid":{"rendered":"https:\/\/elio-giacomin.de\/?page_id=14"},"modified":"2025-04-10T08:35:11","modified_gmt":"2025-04-10T08:35:11","slug":"elio-giacomin","status":"publish","type":"page","link":"https:\/\/www.elio-giacomin.de\/","title":{"rendered":"Startseite"},"content":{"rendered":"\n<div class=\"wp-block-columns is-layout-flex wp-container-core-columns-is-layout-9d6595d7 wp-block-columns-is-layout-flex\">\n<div class=\"wp-block-column is-layout-flow wp-block-column-is-layout-flow\" style=\"flex-basis:100%\">\n<figure class=\"wp-block-image size-medium\"><img loading=\"lazy\" decoding=\"async\" width=\"225\" height=\"300\" src=\"https:\/\/elio-giacomin.de\/wp-content\/uploads\/2022\/05\/Foto_Elio-1-225x300.jpg\" alt=\"\" class=\"wp-image-20\" srcset=\"https:\/\/www.elio-giacomin.de\/wp-content\/uploads\/2022\/05\/Foto_Elio-1-225x300.jpg 225w, https:\/\/www.elio-giacomin.de\/wp-content\/uploads\/2022\/05\/Foto_Elio-1.jpg 235w\" sizes=\"auto, (max-width: 225px) 100vw, 225px\" \/><\/figure>\n<\/div>\n<\/div>\n\n\n\n<p>Erm\u00e4chtigter Italienisch-Dolmetscher\/-\u00dcbersetzer (OLG-Schleswig)<br>Interprete e traduttore giurato<\/p>\n\n\n\n<p>Staatlich gepr\u00fcfter \u00dcbersetzer italienisch\/deutsch<br>Esame di stato per traduttori italiano\/tedesco<br><br>M.A. Didaktik DaZ und DaF<br>M.A. didattica lingua tedesca LS und L2<br><br>B.A.  Betriebswirtschaftslehre<br>B.A.  economia<br><br><\/p>\n","protected":false},"excerpt":{"rendered":"<p>Erm\u00e4chtigter Italienisch-Dolmetscher\/-\u00dcbersetzer (OLG-Schleswig)Interprete e traduttore giurato Staatlich gepr\u00fcfter \u00dcbersetzer italienisch\/deutschEsame di stato per traduttori italiano\/tedesco M.A. Didaktik DaZ und DaFM.A. didattica lingua tedesca LS und L2 B.A. BetriebswirtschaftslehreB.A. economia<\/p>\n","protected":false},"author":1,"featured_media":0,"parent":0,"menu_order":1,"comment_status":"closed","ping_status":"closed","template":"","meta":{"footnotes":""},"class_list":["post-14","page","type-page","status-publish","hentry","entry"],"yoast_head":"<!-- This site is optimized with the Yoast SEO plugin v19.4 - https:\/\/yoast.com\/wordpress\/plugins\/seo\/ -->\n<title>Startseite - Elio Giacomin<\/title>\n<meta name=\"description\" content=\"Elio Giacomin Italienisch-Dolmetscher\/erm\u00e4chtigter \u00dcbersetzer (Oberlandesgericht Schleswig-Holstein)Interprete e traduttore giuratoDeutsche Rechtssprache f\u00fcr DolmetscherLingua giuridica tedesca per interpretiStaatlich gepr\u00fcfter \u00dcbersetzer italienisch\/deutschEsame di stato per traduttori italiano\/tedescoStudium BetriebswirtschaftLaurea in economia Konsekutiv-, Konferenz-, Verhandlungs-, Presse- und Simultandolmetschen, Messebegleitung, Vertragsverhandlungen etc., Rechtsurteile, Notarvertr\u00e4ge, Bilanzpr\u00fcfungen, Text-Korrektur, Gebrauchsanweisungen, Websites, Urkunden, Politik, Volkswirtschaftslehre, HR, Controlling, Betriebsorganisation, Marketing, Berufs- und Arbeitsp\u00e4dagogik, Steuerrecht, Business Plan, Betriebswirtschaft, Rechnungswesen, Finanzmanagement, Beschaffungs- und Produktionswirtschaft, Hotellerie, Gastronomie, Mode, Tourismus, Kunstgeschichte.\" \/>\n<meta name=\"robots\" content=\"index, follow, max-snippet:-1, max-image-preview:large, max-video-preview:-1\" \/>\n<link rel=\"canonical\" href=\"https:\/\/www.elio-giacomin.de\/\" \/>\n<meta property=\"og:locale\" content=\"de_DE\" \/>\n<meta property=\"og:type\" content=\"article\" \/>\n<meta property=\"og:title\" content=\"Startseite - Elio Giacomin\" \/>\n<meta property=\"og:description\" content=\"Elio Giacomin Italienisch-Dolmetscher\/erm\u00e4chtigter \u00dcbersetzer (Oberlandesgericht Schleswig-Holstein)Interprete e traduttore giuratoDeutsche Rechtssprache f\u00fcr DolmetscherLingua giuridica tedesca per interpretiStaatlich gepr\u00fcfter \u00dcbersetzer italienisch\/deutschEsame di stato per traduttori italiano\/tedescoStudium BetriebswirtschaftLaurea in economia Konsekutiv-, Konferenz-, Verhandlungs-, Presse- und Simultandolmetschen, Messebegleitung, Vertragsverhandlungen etc., Rechtsurteile, Notarvertr\u00e4ge, Bilanzpr\u00fcfungen, Text-Korrektur, Gebrauchsanweisungen, Websites, Urkunden, Politik, Volkswirtschaftslehre, HR, Controlling, Betriebsorganisation, Marketing, Berufs- und Arbeitsp\u00e4dagogik, Steuerrecht, Business Plan, Betriebswirtschaft, Rechnungswesen, Finanzmanagement, Beschaffungs- und Produktionswirtschaft, Hotellerie, Gastronomie, Mode, Tourismus, Kunstgeschichte.\" \/>\n<meta property=\"og:url\" content=\"https:\/\/www.elio-giacomin.de\/\" \/>\n<meta property=\"og:site_name\" content=\"Elio Giacomin\" \/>\n<meta property=\"article:modified_time\" content=\"2025-04-10T08:35:11+00:00\" \/>\n<meta property=\"og:image\" content=\"https:\/\/elio-giacomin.de\/wp-content\/uploads\/2022\/05\/Foto_Elio-1-225x300.jpg\" \/>\n<meta name=\"twitter:card\" content=\"summary_large_image\" \/>\n<meta name=\"twitter:label1\" content=\"Gesch\u00e4tzte Lesezeit\" \/>\n\t<meta name=\"twitter:data1\" content=\"1\u00a0Minute\" \/>\n<script type=\"application\/ld+json\" class=\"yoast-schema-graph\">{\"@context\":\"https:\/\/schema.org\",\"@graph\":[{\"@type\":\"Organization\",\"@id\":\"https:\/\/www.elio-giacomin.de\/#organization\",\"name\":\"Elio Giacomin \u00dcbersetzungen\",\"url\":\"https:\/\/www.elio-giacomin.de\/\",\"sameAs\":[],\"logo\":{\"@type\":\"ImageObject\",\"inLanguage\":\"de\",\"@id\":\"https:\/\/www.elio-giacomin.de\/#\/schema\/logo\/image\/\",\"url\":\"https:\/\/www.elio-giacomin.de\/wp-content\/uploads\/2022\/05\/Foto_Elio-1.jpg\",\"contentUrl\":\"https:\/\/www.elio-giacomin.de\/wp-content\/uploads\/2022\/05\/Foto_Elio-1.jpg\",\"width\":235,\"height\":314,\"caption\":\"Elio Giacomin \u00dcbersetzungen\"},\"image\":{\"@id\":\"https:\/\/www.elio-giacomin.de\/#\/schema\/logo\/image\/\"}},{\"@type\":\"WebSite\",\"@id\":\"https:\/\/www.elio-giacomin.de\/#website\",\"url\":\"https:\/\/www.elio-giacomin.de\/\",\"name\":\"Elio Giacomin\",\"description\":\"Professionelle italienische \u00dcbersetzungen\",\"publisher\":{\"@id\":\"https:\/\/www.elio-giacomin.de\/#organization\"},\"potentialAction\":[{\"@type\":\"SearchAction\",\"target\":{\"@type\":\"EntryPoint\",\"urlTemplate\":\"https:\/\/www.elio-giacomin.de\/?s={search_term_string}\"},\"query-input\":\"required name=search_term_string\"}],\"inLanguage\":\"de\"},{\"@type\":\"WebPage\",\"@id\":\"https:\/\/www.elio-giacomin.de\/\",\"url\":\"https:\/\/www.elio-giacomin.de\/\",\"name\":\"Startseite - Elio Giacomin\",\"isPartOf\":{\"@id\":\"https:\/\/www.elio-giacomin.de\/#website\"},\"datePublished\":\"2022-05-08T18:24:43+00:00\",\"dateModified\":\"2025-04-10T08:35:11+00:00\",\"description\":\"Elio Giacomin Italienisch-Dolmetscher\/erm\u00e4chtigter \u00dcbersetzer (Oberlandesgericht Schleswig-Holstein)Interprete e traduttore giuratoDeutsche Rechtssprache f\u00fcr DolmetscherLingua giuridica tedesca per interpretiStaatlich gepr\u00fcfter \u00dcbersetzer italienisch\/deutschEsame di stato per traduttori italiano\/tedescoStudium BetriebswirtschaftLaurea in economia Konsekutiv-, Konferenz-, Verhandlungs-, Presse- und Simultandolmetschen, Messebegleitung, Vertragsverhandlungen etc., Rechtsurteile, Notarvertr\u00e4ge, Bilanzpr\u00fcfungen, Text-Korrektur, Gebrauchsanweisungen, Websites, Urkunden, Politik, Volkswirtschaftslehre, HR, Controlling, Betriebsorganisation, Marketing, Berufs- und Arbeitsp\u00e4dagogik, Steuerrecht, Business Plan, Betriebswirtschaft, Rechnungswesen, Finanzmanagement, Beschaffungs- und Produktionswirtschaft, Hotellerie, Gastronomie, Mode, Tourismus, Kunstgeschichte.\",\"breadcrumb\":{\"@id\":\"https:\/\/www.elio-giacomin.de\/#breadcrumb\"},\"inLanguage\":\"de\",\"potentialAction\":[{\"@type\":\"ReadAction\",\"target\":[\"https:\/\/www.elio-giacomin.de\/\"]}]},{\"@type\":\"BreadcrumbList\",\"@id\":\"https:\/\/www.elio-giacomin.de\/#breadcrumb\",\"itemListElement\":[{\"@type\":\"ListItem\",\"position\":1,\"name\":\"Startseite\",\"item\":\"https:\/\/www.elio-giacomin.de\/\"},{\"@type\":\"ListItem\",\"position\":2,\"name\":\"Startseite\"}]}]}<\/script>\n<!-- \/ Yoast SEO plugin. -->","yoast_head_json":{"title":"Startseite - Elio Giacomin","description":"Elio Giacomin Italienisch-Dolmetscher\/erm\u00e4chtigter \u00dcbersetzer (Oberlandesgericht Schleswig-Holstein)Interprete e traduttore giuratoDeutsche Rechtssprache f\u00fcr DolmetscherLingua giuridica tedesca per interpretiStaatlich gepr\u00fcfter \u00dcbersetzer italienisch\/deutschEsame di stato per traduttori italiano\/tedescoStudium BetriebswirtschaftLaurea in economia Konsekutiv-, Konferenz-, Verhandlungs-, Presse- und Simultandolmetschen, Messebegleitung, Vertragsverhandlungen etc., Rechtsurteile, Notarvertr\u00e4ge, Bilanzpr\u00fcfungen, Text-Korrektur, Gebrauchsanweisungen, Websites, Urkunden, Politik, Volkswirtschaftslehre, HR, Controlling, Betriebsorganisation, Marketing, Berufs- und Arbeitsp\u00e4dagogik, Steuerrecht, Business Plan, Betriebswirtschaft, Rechnungswesen, Finanzmanagement, Beschaffungs- und Produktionswirtschaft, Hotellerie, Gastronomie, Mode, Tourismus, Kunstgeschichte.","robots":{"index":"index","follow":"follow","max-snippet":"max-snippet:-1","max-image-preview":"max-image-preview:large","max-video-preview":"max-video-preview:-1"},"canonical":"https:\/\/www.elio-giacomin.de\/","og_locale":"de_DE","og_type":"article","og_title":"Startseite - Elio Giacomin","og_description":"Elio Giacomin Italienisch-Dolmetscher\/erm\u00e4chtigter \u00dcbersetzer (Oberlandesgericht Schleswig-Holstein)Interprete e traduttore giuratoDeutsche Rechtssprache f\u00fcr DolmetscherLingua giuridica tedesca per interpretiStaatlich gepr\u00fcfter \u00dcbersetzer italienisch\/deutschEsame di stato per traduttori italiano\/tedescoStudium BetriebswirtschaftLaurea in economia Konsekutiv-, Konferenz-, Verhandlungs-, Presse- und Simultandolmetschen, Messebegleitung, Vertragsverhandlungen etc., Rechtsurteile, Notarvertr\u00e4ge, Bilanzpr\u00fcfungen, Text-Korrektur, Gebrauchsanweisungen, Websites, Urkunden, Politik, Volkswirtschaftslehre, HR, Controlling, Betriebsorganisation, Marketing, Berufs- und Arbeitsp\u00e4dagogik, Steuerrecht, Business Plan, Betriebswirtschaft, Rechnungswesen, Finanzmanagement, Beschaffungs- und Produktionswirtschaft, Hotellerie, Gastronomie, Mode, Tourismus, Kunstgeschichte.","og_url":"https:\/\/www.elio-giacomin.de\/","og_site_name":"Elio Giacomin","article_modified_time":"2025-04-10T08:35:11+00:00","og_image":[{"url":"https:\/\/elio-giacomin.de\/wp-content\/uploads\/2022\/05\/Foto_Elio-1-225x300.jpg"}],"twitter_card":"summary_large_image","twitter_misc":{"Gesch\u00e4tzte Lesezeit":"1\u00a0Minute"},"schema":{"@context":"https:\/\/schema.org","@graph":[{"@type":"Organization","@id":"https:\/\/www.elio-giacomin.de\/#organization","name":"Elio Giacomin \u00dcbersetzungen","url":"https:\/\/www.elio-giacomin.de\/","sameAs":[],"logo":{"@type":"ImageObject","inLanguage":"de","@id":"https:\/\/www.elio-giacomin.de\/#\/schema\/logo\/image\/","url":"https:\/\/www.elio-giacomin.de\/wp-content\/uploads\/2022\/05\/Foto_Elio-1.jpg","contentUrl":"https:\/\/www.elio-giacomin.de\/wp-content\/uploads\/2022\/05\/Foto_Elio-1.jpg","width":235,"height":314,"caption":"Elio Giacomin \u00dcbersetzungen"},"image":{"@id":"https:\/\/www.elio-giacomin.de\/#\/schema\/logo\/image\/"}},{"@type":"WebSite","@id":"https:\/\/www.elio-giacomin.de\/#website","url":"https:\/\/www.elio-giacomin.de\/","name":"Elio Giacomin","description":"Professionelle italienische \u00dcbersetzungen","publisher":{"@id":"https:\/\/www.elio-giacomin.de\/#organization"},"potentialAction":[{"@type":"SearchAction","target":{"@type":"EntryPoint","urlTemplate":"https:\/\/www.elio-giacomin.de\/?s={search_term_string}"},"query-input":"required name=search_term_string"}],"inLanguage":"de"},{"@type":"WebPage","@id":"https:\/\/www.elio-giacomin.de\/","url":"https:\/\/www.elio-giacomin.de\/","name":"Startseite - Elio Giacomin","isPartOf":{"@id":"https:\/\/www.elio-giacomin.de\/#website"},"datePublished":"2022-05-08T18:24:43+00:00","dateModified":"2025-04-10T08:35:11+00:00","description":"Elio Giacomin Italienisch-Dolmetscher\/erm\u00e4chtigter \u00dcbersetzer (Oberlandesgericht Schleswig-Holstein)Interprete e traduttore giuratoDeutsche Rechtssprache f\u00fcr DolmetscherLingua giuridica tedesca per interpretiStaatlich gepr\u00fcfter \u00dcbersetzer italienisch\/deutschEsame di stato per traduttori italiano\/tedescoStudium BetriebswirtschaftLaurea in economia Konsekutiv-, Konferenz-, Verhandlungs-, Presse- und Simultandolmetschen, Messebegleitung, Vertragsverhandlungen etc., Rechtsurteile, Notarvertr\u00e4ge, Bilanzpr\u00fcfungen, Text-Korrektur, Gebrauchsanweisungen, Websites, Urkunden, Politik, Volkswirtschaftslehre, HR, Controlling, Betriebsorganisation, Marketing, Berufs- und Arbeitsp\u00e4dagogik, Steuerrecht, Business Plan, Betriebswirtschaft, Rechnungswesen, Finanzmanagement, Beschaffungs- und Produktionswirtschaft, Hotellerie, Gastronomie, Mode, Tourismus, Kunstgeschichte.","breadcrumb":{"@id":"https:\/\/www.elio-giacomin.de\/#breadcrumb"},"inLanguage":"de","potentialAction":[{"@type":"ReadAction","target":["https:\/\/www.elio-giacomin.de\/"]}]},{"@type":"BreadcrumbList","@id":"https:\/\/www.elio-giacomin.de\/#breadcrumb","itemListElement":[{"@type":"ListItem","position":1,"name":"Startseite","item":"https:\/\/www.elio-giacomin.de\/"},{"@type":"ListItem","position":2,"name":"Startseite"}]}]}},"_links":{"self":[{"href":"https:\/\/www.elio-giacomin.de\/index.php?rest_route=\/wp\/v2\/pages\/14","targetHints":{"allow":["GET"]}}],"collection":[{"href":"https:\/\/www.elio-giacomin.de\/index.php?rest_route=\/wp\/v2\/pages"}],"about":[{"href":"https:\/\/www.elio-giacomin.de\/index.php?rest_route=\/wp\/v2\/types\/page"}],"author":[{"embeddable":true,"href":"https:\/\/www.elio-giacomin.de\/index.php?rest_route=\/wp\/v2\/users\/1"}],"replies":[{"embeddable":true,"href":"https:\/\/www.elio-giacomin.de\/index.php?rest_route=%2Fwp%2Fv2%2Fcomments&post=14"}],"version-history":[{"count":27,"href":"https:\/\/www.elio-giacomin.de\/index.php?rest_route=\/wp\/v2\/pages\/14\/revisions"}],"predecessor-version":[{"id":164,"href":"https:\/\/www.elio-giacomin.de\/index.php?rest_route=\/wp\/v2\/pages\/14\/revisions\/164"}],"wp:attachment":[{"href":"https:\/\/www.elio-giacomin.de\/index.php?rest_route=%2Fwp%2Fv2%2Fmedia&parent=14"}],"curies":[{"name":"wp","href":"https:\/\/api.w.org\/{rel}","templated":true}]}}